{"id":8761,"date":"2025-06-18T08:54:58","date_gmt":"2025-06-18T08:54:58","guid":{"rendered":"https:\/\/smartagv.ai\/?post_type=product&#038;p=8761"},"modified":"2025-06-18T08:54:58","modified_gmt":"2025-06-18T08:54:58","slug":"module-an-toan-ams-1000c-g1","status":"publish","type":"product","link":"https:\/\/smartagv.ai\/index.php\/product\/module-an-toan-ams-1000c-g1\/","title":{"rendered":"Module an to\u00e0n AMS-1000C-G1"},"content":{"rendered":"<div id=\"footable_parent_8760\"\n         class=\" footable_parent ninja_table_wrapper loading_ninja_table wp_table_data_press_parent semantic_ui \">\n                <table data-ninja_table_instance=\"ninja_table_instance_0\" data-footable_id=\"8760\" data-filter-delay=\"1000\" aria-label=\"AMS-1000C-G1\"            id=\"footable_8760\"\n           data-unique_identifier=\"ninja_table_unique_id_207503314_8760\"\n           class=\" foo-table ninja_footable foo_table_8760 ninja_table_unique_id_207503314_8760 ui table  nt_hide_breakpoint_labels nt_type_legacy_table fixed celled  footable-paging-right hide_all_borders ninja_table_search_disabled ninja_table_pro\">\n                <colgroup>\n                            <col class=\"ninja_column_0 \">\n                            <col class=\"ninja_column_1 \">\n                    <\/colgroup>\n        <thead>\n<tr class=\"footable-header\">\n                                        <th scope=\"col\"  class=\"ninja_column_0 ninja_clmn_nm_sao_1000_c_g_1 \">Tham s\u1ed1<\/th><th scope=\"col\"  class=\"ninja_column_1 ninja_clmn_nm_thong_s\u1ed1_k\u1ef9_thu\u1eadt \">Th\u00f4ng s\u1ed1 k\u1ef9 thu\u1eadt<\/th><\/tr>\n<\/thead>\n<tbody>\n\n        <tr data-row_id=\"48\" class=\"ninja_table_row_0 nt_row_id_48\">\n            <td>T\u00ean g\u1ecdi<\/td><td>Module an to\u00e0n<\/td>        <\/tr>\n            <tr data-row_id=\"49\" class=\"ninja_table_row_1 nt_row_id_49\">\n            <td>Model<\/td><td>AMS-1000C-G1<\/td>        <\/tr>\n            <tr data-row_id=\"50\" class=\"ninja_table_row_2 nt_row_id_50\">\n            <td>\u0110i\u1ec1u khi\u1ec3n<\/td><td>C\u1ea3m bi\u1ebfn va ch\u1ea1m, \u0111\u00e8n c\u1ea3nh b\u00e1o, loa<\/td>        <\/tr>\n            <tr data-row_id=\"51\" class=\"ninja_table_row_3 nt_row_id_51\">\n            <td>Giao ti\u1ebfp<\/td><td>USB<\/td>        <\/tr>\n            <tr data-row_id=\"52\" class=\"ninja_table_row_4 nt_row_id_52\">\n            <td>Truy\u1ec1n th\u00f4ng kh\u00e1c<\/td><td>Canopent, RS485, RS232<\/td>        <\/tr>\n            <tr data-row_id=\"53\" class=\"ninja_table_row_5 nt_row_id_53\">\n            <td>Input Digital<\/td><td>10<\/td>        <\/tr>\n            <tr data-row_id=\"54\" class=\"ninja_table_row_6 nt_row_id_54\">\n            <td>Output Digital<\/td><td>10<\/td>        <\/tr>\n            <tr data-row_id=\"55\" class=\"ninja_table_row_7 nt_row_id_55\">\n            <td>\u0110i\u1ec7n \u00e1p ho\u1ea1t \u0111\u1ed9ng<\/td><td>24VDC<\/td>        <\/tr>\n            <tr data-row_id=\"56\" class=\"ninja_table_row_8 nt_row_id_56\">\n            <td>D\u00f2ng ti\u00eau th\u1ee5<\/td><td>220mA<\/td>        <\/tr>\n            <tr data-row_id=\"57\" class=\"ninja_table_row_9 nt_row_id_57\">\n            <td>K\u00edch th\u01b0\u1edbc<\/td><td>160*87.5*31mm<\/td>        <\/tr>\n            <tr data-row_id=\"58\" class=\"ninja_table_row_10 nt_row_id_58\">\n            <td>Firmware <\/td><td>T\u00edch h\u1ee3p<\/td>        <\/tr>\n            <tr data-row_id=\"59\" class=\"ninja_table_row_11 nt_row_id_59\">\n            <td>M\u00f4i tr\u01b0\u1eddng l\u00e0m vi\u1ec7c<\/td><td>Temperature: 0\u2103-50\u2103 \/ RH: 10%-90%, non-compressing, non-condensing<\/td>        <\/tr>\n    <\/tbody><!--ninja_tobody_rendering_done-->\n    <\/table>\n    \n    \n    \n<\/div>\n\n","protected":false},"excerpt":{"rendered":"Tham s\u1ed1Th\u00f4ng s\u1ed1 k\u1ef9 thu\u1eadt T\u00ean g\u1ecdiModule an to\u00e0n ModelAMS-1000C-G1 \u0110i\u1ec1u khi\u1ec3nC\u1ea3m bi\u1ebfn va ch\u1ea1m, \u0111\u00e8n c\u1ea3nh b\u00e1o, loa Giao ti\u1ebfpUSB Truy\u1ec1n th\u00f4ng kh\u00e1cCanopent, RS485, RS232 Input Digital10 Output Digital10 \u0110i\u1ec7n \u00e1p ho\u1ea1t \u0111\u1ed9ng24VDC D\u00f2ng ti\u00eau th\u1ee5220mA K\u00edch th\u01b0\u1edbc160*87.5*31mm Firmware T\u00edch h\u1ee3p M\u00f4i tr\u01b0\u1eddng l\u00e0m vi\u1ec7cTemperature: 0\u2103-50\u2103 \/ RH: 10%-90%, non-compressing, non-condensing","protected":false},"featured_media":8762,"comment_status":"open","ping_status":"closed","template":"","meta":{"_acf_changed":false,"content-type":""},"pwb-brand":[230],"product_brand":[575],"product_cat":[253,232],"product_tag":[],"class_list":{"0":"post-8761","1":"product","2":"type-product","3":"status-publish","4":"has-post-thumbnail","6":"pwb-brand-esatech","7":"product_brand-esatech","8":"product_cat-agv-amr-controler-unit","9":"product_cat-agv-amr-components","11":"first","12":"instock","13":"shipping-taxable","14":"product-type-simple"},"acf":[],"brands":[{"id":230,"name":"ESATECH","slug":"esatech"}],"_links":{"self":[{"href":"https:\/\/smartagv.ai\/index.php\/wp-json\/wp\/v2\/product\/8761","targetHints":{"allow":["GET"]}}],"collection":[{"href":"https:\/\/smartagv.ai\/index.php\/wp-json\/wp\/v2\/product"}],"about":[{"href":"https:\/\/smartagv.ai\/index.php\/wp-json\/wp\/v2\/types\/product"}],"replies":[{"embeddable":true,"href":"https:\/\/smartagv.ai\/index.php\/wp-json\/wp\/v2\/comments?post=8761"}],"wp:featuredmedia":[{"embeddable":true,"href":"https:\/\/smartagv.ai\/index.php\/wp-json\/wp\/v2\/media\/8762"}],"wp:attachment":[{"href":"https:\/\/smartagv.ai\/index.php\/wp-json\/wp\/v2\/media?parent=8761"}],"wp:term":[{"taxonomy":"pwb-brand","embeddable":true,"href":"https:\/\/smartagv.ai\/index.php\/wp-json\/wp\/v2\/pwb-brand?post=8761"},{"taxonomy":"product_brand","embeddable":true,"href":"https:\/\/smartagv.ai\/index.php\/wp-json\/wp\/v2\/product_brand?post=8761"},{"taxonomy":"product_cat","embeddable":true,"href":"https:\/\/smartagv.ai\/index.php\/wp-json\/wp\/v2\/product_cat?post=8761"},{"taxonomy":"product_tag","embeddable":true,"href":"https:\/\/smartagv.ai\/index.php\/wp-json\/wp\/v2\/product_tag?post=8761"}],"curies":[{"name":"wp","href":"https:\/\/api.w.org\/{rel}","templated":true}]}}